{"id":22614,"date":"2025-12-16T11:38:02","date_gmt":"2025-12-16T10:38:02","guid":{"rendered":"https:\/\/forum.prcmarine.org\/?page_id=22614"},"modified":"2026-01-12T09:54:49","modified_gmt":"2026-01-12T08:54:49","slug":"aboutforum","status":"publish","type":"page","link":"https:\/\/forum.prcmarine.org\/en\/aboutforum\/","title":{"rendered":"About the Forum"},"content":{"rendered":"<div data-elementor-type=\"wp-page\" data-elementor-id=\"22614\" class=\"elementor elementor-22614\">\n\t\t\t\t<div class=\"elementor-element elementor-element-2ad3e54 e-flex e-con-boxed no no e-con e-parent\" data-id=\"2ad3e54\" data-element_type=\"container\" data-e-type=\"container\" data-settings=\"{&quot;background_background&quot;:&quot;classic&quot;,&quot;shape_divider_bottom&quot;:&quot;mountains&quot;}\">\n\t\t\t\t\t<div class=\"e-con-inner\">\n\t\t\t\t<div class=\"elementor-shape elementor-shape-bottom\" aria-hidden=\"true\" data-negative=\"false\">\n\t\t\t<svg xmlns=\"http:\/\/www.w3.org\/2000\/svg\" viewbox=\"0 0 1000 100\" preserveaspectratio=\"none\">\n\t<path class=\"elementor-shape-fill\" opacity=\"0.33\" d=\"M473,67.3c-203.9,88.3-263.1-34-320.3,0C66,119.1,0,59.7,0,59.7V0h1000v59.7 c0,0-62.1,26.1-94.9,29.3c-32.8,3.3-62.8-12.3-75.8-22.1C806,49.6,745.3,8.7,694.9,4.7S492.4,59,473,67.3z\"\/>\n\t<path class=\"elementor-shape-fill\" opacity=\"0.66\" d=\"M734,67.3c-45.5,0-77.2-23.2-129.1-39.1c-28.6-8.7-150.3-10.1-254,39.1 s-91.7-34.4-149.2,0C115.7,118.3,0,39.8,0,39.8V0h1000v36.5c0,0-28.2-18.5-92.1-18.5C810.2,18.1,775.7,67.3,734,67.3z\"\/>\n\t<path class=\"elementor-shape-fill\" d=\"M766.1,28.9c-200-57.5-266,65.5-395.1,19.5C242,1.8,242,5.4,184.8,20.6C128,35.8,132.3,44.9,89.9,52.5C28.6,63.7,0,0,0,0 h1000c0,0-9.9,40.9-83.6,48.1S829.6,47,766.1,28.9z\"\/>\n<\/svg>\t\t<\/div>\n\t\t<div class=\"elementor-element elementor-element-acdd41b e-con-full e-flex no no e-con e-child\" data-id=\"acdd41b\" data-element_type=\"container\" data-e-type=\"container\">\n\t\t<div class=\"elementor-element elementor-element-9f14f8d e-con-full e-flex no no elementor-invisible e-con e-child\" data-id=\"9f14f8d\" data-element_type=\"container\" data-e-type=\"container\" data-settings=\"{&quot;animation&quot;:&quot;fadeInUp&quot;}\">\n\t\t\t\t<div class=\"elementor-element elementor-element-6508cf3 elementor-invisible elementor-widget elementor-widget-heading\" data-id=\"6508cf3\" data-element_type=\"widget\" data-e-type=\"widget\" data-settings=\"{&quot;_animation&quot;:&quot;fadeInDown&quot;}\" data-widget_type=\"heading.default\">\n\t\t\t\t<div class=\"elementor-widget-container\">\n\t\t\t\t\t<h1 class=\"elementor-heading-title elementor-size-default\">About the Forum<\/h1>\t\t\t\t<\/div>\n\t\t\t\t<\/div>\n\t\t\t\t<\/div>\n\t\t\t\t<\/div>\n\t\t\t\t\t<\/div>\n\t\t\t\t<\/div>\n\t\t<div class=\"elementor-element elementor-element-d46e60e e-flex e-con-boxed no no e-con e-parent\" data-id=\"d46e60e\" data-element_type=\"container\" data-e-type=\"container\" data-settings=\"{&quot;background_background&quot;:&quot;classic&quot;}\">\n\t\t\t\t\t<div class=\"e-con-inner\">\n\t\t\t\t<div class=\"elementor-element elementor-element-6632933 elementor-widget__width-initial elementor-widget elementor-widget-heading\" data-id=\"6632933\" data-element_type=\"widget\" data-e-type=\"widget\" data-widget_type=\"heading.default\">\n\t\t\t\t<div class=\"elementor-widget-container\">\n\t\t\t\t\t<h2 class=\"elementor-heading-title elementor-size-default\">FOMACO, the largest event for conservation stakeholders in West Africa<\/h2>\t\t\t\t<\/div>\n\t\t\t\t<\/div>\n\t\t\t\t\t<\/div>\n\t\t\t\t<\/div>\n\t\t<div class=\"elementor-element elementor-element-ddb400b e-flex e-con-boxed no no e-con e-parent\" data-id=\"ddb400b\" data-element_type=\"container\" data-e-type=\"container\" data-settings=\"{&quot;background_background&quot;:&quot;classic&quot;}\">\n\t\t\t\t\t<div class=\"e-con-inner\">\n\t\t\t\t<div class=\"elementor-element elementor-element-b834f67 elementor-widget elementor-widget-text-editor\" data-id=\"b834f67\" data-element_type=\"widget\" data-e-type=\"widget\" data-widget_type=\"text-editor.default\">\n\t\t\t\t<div class=\"elementor-widget-container\">\n\t\t\t\t\t\t\t\t\t<p>The <strong>Regional Marine and Coastal Forum (FOMACO)<\/strong> is the main meeting place for conservation stakeholders in West Africa. It brings together <strong>political decision-makers, parliamentarians, scientists, NGOs, local communities, private sector actors and funders<\/strong>, offering a unique platform to exchange, share experiences and co-create sustainable solutions for the preservation of marine and coastal ecosystems.<\/p><p>\u00a0<\/p><p><strong>Initiated in 2004 by the PRCM<\/strong>, the Regional Marine and Coastal Forum has gradually established itself as an event <strong>regional scale reference<\/strong>, fostering cooperation and dialogue between different stakeholders. For over 20 years, the Forum has contributed to strengthening shared governance, raising awareness of issues related to marine and coastal biodiversity, and promoting sustainable practices in natural resource management.<\/p><p>\u00a0<\/p><p>Over the years, the Forum has enabled <strong>to highlight concrete initiatives<\/strong>, to support regional public policies and inspire innovative projects in the field of conservation. Today, it constitutes a <strong>engine of collaboration and action<\/strong> actors from West Africa.<\/p>\t\t\t\t\t\t\t\t<\/div>\n\t\t\t\t<\/div>\n\t\t\t\t\t<\/div>\n\t\t\t\t<\/div>\n\t\t<div class=\"elementor-element elementor-element-68b0847 e-flex e-con-boxed no no e-con e-parent\" data-id=\"68b0847\" data-element_type=\"container\" data-e-type=\"container\">\n\t\t\t\t\t<div class=\"e-con-inner\">\n\t\t<div class=\"elementor-element elementor-element-b0ed747 e-con-full e-flex no no e-con e-child\" data-id=\"b0ed747\" data-element_type=\"container\" data-e-type=\"container\">\n\t\t\t\t<div class=\"elementor-element elementor-element-ac80a10 elementor-widget__width-initial elementor-widget elementor-widget-heading\" data-id=\"ac80a10\" data-element_type=\"widget\" data-e-type=\"widget\" data-widget_type=\"heading.default\">\n\t\t\t\t<div class=\"elementor-widget-container\">\n\t\t\t\t\t<h2 class=\"elementor-heading-title elementor-size-default\">Relive the highlights of the previous edition<\/h2>\t\t\t\t<\/div>\n\t\t\t\t<\/div>\n\t\t\t\t<div class=\"elementor-element elementor-element-1e16f5d elementor-widget elementor-widget-video\" data-id=\"1e16f5d\" data-element_type=\"widget\" data-e-type=\"widget\" data-settings=\"{&quot;youtube_url&quot;:&quot;https:\\\/\\\/www.youtube.com\\\/watch?v=vXmVJ5Ml13Q&quot;,&quot;video_type&quot;:&quot;youtube&quot;}\" data-widget_type=\"video.default\">\n\t\t\t\t<div class=\"elementor-widget-container\">\n\t\t\t\t\t\t\t<div class=\"elementor-wrapper elementor-open-inline\">\n\t\t\t<div class=\"elementor-video\"><\/div>\t\t<\/div>\n\t\t\t\t\t\t<\/div>\n\t\t\t\t<\/div>\n\t\t\t\t<\/div>\n\t\t\t\t\t<\/div>\n\t\t\t\t<\/div>\n\t\t<div class=\"elementor-element elementor-element-726db4d e-flex e-con-boxed no no e-con e-parent\" data-id=\"726db4d\" data-element_type=\"container\" data-e-type=\"container\" data-settings=\"{&quot;background_background&quot;:&quot;classic&quot;}\">\n\t\t\t\t\t<div class=\"e-con-inner\">\n\t\t<div class=\"elementor-element elementor-element-edb9c80 e-con-full e-flex no no e-con e-child\" data-id=\"edb9c80\" data-element_type=\"container\" data-e-type=\"container\">\n\t\t\t\t<div class=\"elementor-element elementor-element-4bf7920 elementor-widget__width-initial elementor-widget elementor-widget-heading\" data-id=\"4bf7920\" data-element_type=\"widget\" data-e-type=\"widget\" data-widget_type=\"heading.default\">\n\t\t\t\t<div class=\"elementor-widget-container\">\n\t\t\t\t\t<h2 class=\"elementor-heading-title elementor-size-default\">Summary and commitments of the 11th Regional Marine and Coastal Forum <\/h2>\t\t\t\t<\/div>\n\t\t\t\t<\/div>\n\t\t<div class=\"elementor-element elementor-element-b2bb25b e-con-full e-flex no no e-con e-child\" data-id=\"b2bb25b\" data-element_type=\"container\" data-e-type=\"container\">\n\t\t<div class=\"elementor-element elementor-element-cb68dfe e-con-full e-flex no no e-con e-child\" data-id=\"cb68dfe\" data-element_type=\"container\" data-e-type=\"container\">\n\t\t\t\t<div class=\"elementor-element elementor-element-91b42e4 elementor-widget elementor-widget-image\" data-id=\"91b42e4\" data-element_type=\"widget\" data-e-type=\"widget\" data-widget_type=\"image.default\">\n\t\t\t\t<div class=\"elementor-widget-container\">\n\t\t\t\t\t\t\t\t\t\t\t\t\t\t\t<img fetchpriority=\"high\" decoding=\"async\" width=\"1024\" height=\"682\" src=\"https:\/\/forum.prcmarine.org\/wp-content\/uploads\/2025\/12\/WhatsApp-Image-2025-12-30-at-22.38.04-1024x682.jpeg\" class=\"attachment-large size-large wp-image-23216\" alt=\"\" srcset=\"https:\/\/forum.prcmarine.org\/wp-content\/uploads\/2025\/12\/WhatsApp-Image-2025-12-30-at-22.38.04-1024x682.jpeg 1024w, https:\/\/forum.prcmarine.org\/wp-content\/uploads\/2025\/12\/WhatsApp-Image-2025-12-30-at-22.38.04-300x200.jpeg 300w, https:\/\/forum.prcmarine.org\/wp-content\/uploads\/2025\/12\/WhatsApp-Image-2025-12-30-at-22.38.04-768x512.jpeg 768w, https:\/\/forum.prcmarine.org\/wp-content\/uploads\/2025\/12\/WhatsApp-Image-2025-12-30-at-22.38.04-1536x1023.jpeg 1536w, https:\/\/forum.prcmarine.org\/wp-content\/uploads\/2025\/12\/WhatsApp-Image-2025-12-30-at-22.38.04-1120x746.jpeg 1120w, https:\/\/forum.prcmarine.org\/wp-content\/uploads\/2025\/12\/WhatsApp-Image-2025-12-30-at-22.38.04.jpeg 1600w\" sizes=\"(max-width: 1024px) 100vw, 1024px\" \/>\t\t\t\t\t\t\t\t\t\t\t\t\t\t\t<\/div>\n\t\t\t\t<\/div>\n\t\t\t\t<\/div>\n\t\t<div class=\"elementor-element elementor-element-43f2e9c e-con-full e-flex no no e-con e-child\" data-id=\"43f2e9c\" data-element_type=\"container\" data-e-type=\"container\">\n\t\t\t\t<div class=\"elementor-element elementor-element-75b3a65 elementor-widget elementor-widget-text-editor\" data-id=\"75b3a65\" data-element_type=\"widget\" data-e-type=\"widget\" data-widget_type=\"text-editor.default\">\n\t\t\t\t<div class=\"elementor-widget-container\">\n\t\t\t\t\t\t\t\t\t<p>The <strong>11<\/strong><strong>th<\/strong><strong> edition of the Regional Marine and Coastal Forum<\/strong>held in <strong>Guinea-Bissau from April 22 to 27, 2024<\/strong>, focused on the theme: <em>\u201cConservation, Resilience, and Sustainable Development of the West African Coastline in the Face of Global Change.\u201d<\/em>.<\/p><p>\u00a0<\/p><p>The event brought together <strong>more than 400 participants<\/strong> from several African countries and beyond, and featured <strong>31 side events<\/strong>, <strong>11 technical workshops<\/strong> and <strong>3 special events<\/strong>, fostering rich and multidisciplinary exchanges.<\/p><p>\u00a0<\/p><p>Participants discussed the major challenges related to the <strong>conservation and sustainable management of marine and coastal resources<\/strong>, while identifying <strong>concrete solutions and strategies<\/strong> to address the challenges posed by climate change, marine pollution, overfishing, and the degradation of natural habitats.<\/p>\t\t\t\t\t\t\t\t<\/div>\n\t\t\t\t<\/div>\n\t\t\t\t<\/div>\n\t\t\t\t<\/div>\n\t\t<div class=\"elementor-element elementor-element-d9a7d5d e-con-full e-flex no no e-con e-child\" data-id=\"d9a7d5d\" data-element_type=\"container\" data-e-type=\"container\">\n\t\t\t\t<div class=\"elementor-element elementor-element-bbc03e7 elementor-widget elementor-widget-text-editor\" data-id=\"bbc03e7\" data-element_type=\"widget\" data-e-type=\"widget\" data-widget_type=\"text-editor.default\">\n\t\t\t\t<div class=\"elementor-widget-container\">\n\t\t\t\t\t\t\t\t\t<p>The discussions and contributions arising from the Forum resulted in a consensus declaration, known as the <span style=\"color: #ffb93e;\"><a style=\"color: #ffb93e;\" href=\"https:\/\/forum.prcmarine.org\/wp-content\/uploads\/2024\/05\/2024_ForumPRCM-DeclarationFinale-ENG.pdf\"><strong>Bissau Declaration<\/strong><\/a><\/span>, which summarizes the key messages, commitments, and recommendations of the various stakeholders.<\/p><p>\u00a0<\/p><p>The product of a <strong>participatory and inclusive process,<\/strong>this declaration provides <strong>a strategic framework for strengthening<\/strong> regional cooperation, supporting public policies, and promoting concrete actions for <strong>ocean health<\/strong> and the <strong>sustainable development of coastal communities in West Africa.<\/strong><\/p>\t\t\t\t\t\t\t\t<\/div>\n\t\t\t\t<\/div>\n\t\t\t\t<\/div>\n\t\t\t\t<\/div>\n\t\t\t\t\t<\/div>\n\t\t\t\t<\/div>\n\t\t<div class=\"elementor-element elementor-element-24167a6 e-flex e-con-boxed no no e-con e-parent\" data-id=\"24167a6\" data-element_type=\"container\" data-e-type=\"container\" data-settings=\"{&quot;background_background&quot;:&quot;classic&quot;}\">\n\t\t\t\t\t<div class=\"e-con-inner\">\n\t\t<div class=\"elementor-element elementor-element-0a42900 e-con-full e-flex no no e-con e-child\" data-id=\"0a42900\" data-element_type=\"container\" data-e-type=\"container\">\n\t\t\t\t<div class=\"elementor-element elementor-element-eaa71d8 elementor-widget elementor-widget-image\" data-id=\"eaa71d8\" data-element_type=\"widget\" data-e-type=\"widget\" data-widget_type=\"image.default\">\n\t\t\t\t<div class=\"elementor-widget-container\">\n\t\t\t\t\t\t\t\t\t\t\t\t\t\t\t<img decoding=\"async\" width=\"300\" height=\"140\" src=\"https:\/\/forum.prcmarine.org\/wp-content\/uploads\/2025\/12\/logos-300x140.png\" class=\"attachment-medium size-medium wp-image-22699\" alt=\"\" srcset=\"https:\/\/forum.prcmarine.org\/wp-content\/uploads\/2025\/12\/logos-300x140.png 300w, https:\/\/forum.prcmarine.org\/wp-content\/uploads\/2025\/12\/logos-1024x477.png 1024w, https:\/\/forum.prcmarine.org\/wp-content\/uploads\/2025\/12\/logos-768x358.png 768w, https:\/\/forum.prcmarine.org\/wp-content\/uploads\/2025\/12\/logos-1536x715.png 1536w, https:\/\/forum.prcmarine.org\/wp-content\/uploads\/2025\/12\/logos-2048x953.png 2048w, https:\/\/forum.prcmarine.org\/wp-content\/uploads\/2025\/12\/logos-1120x521.png 1120w\" sizes=\"(max-width: 300px) 100vw, 300px\" \/>\t\t\t\t\t\t\t\t\t\t\t\t\t\t\t<\/div>\n\t\t\t\t<\/div>\n\t\t\t\t<div class=\"elementor-element elementor-element-3e6bebb elementor-widget elementor-widget-heading\" data-id=\"3e6bebb\" data-element_type=\"widget\" data-e-type=\"widget\" data-widget_type=\"heading.default\">\n\t\t\t\t<div class=\"elementor-widget-container\">\n\t\t\t\t\t<h5 class=\"elementor-heading-title elementor-size-default\">Since 2004, the PRCM has organised the Regional Marine and Coastal Forum (FOMACO), which has become the essential meeting place for all stakeholders involved in the protection of marine and coastal ecosystems.<\/h5>\t\t\t\t<\/div>\n\t\t\t\t<\/div>\n\t\t\t\t<\/div>\n\t\t<div class=\"elementor-element elementor-element-bcdd40d e-con-full e-flex no no e-con e-child\" data-id=\"bcdd40d\" data-element_type=\"container\" data-e-type=\"container\">\n\t\t\t\t<\/div>\n\t\t<div class=\"elementor-element elementor-element-d68c8ea e-con-full e-flex no no e-con e-child\" data-id=\"d68c8ea\" data-element_type=\"container\" data-e-type=\"container\">\n\t\t<div class=\"elementor-element elementor-element-8d6c8bc e-flex e-con-boxed no no e-con e-child\" data-id=\"8d6c8bc\" data-element_type=\"container\" data-e-type=\"container\">\n\t\t\t\t\t<div class=\"e-con-inner\">\n\t\t\t\t<div class=\"elementor-element elementor-element-18b0008 elementor-widget elementor-widget-heading\" data-id=\"18b0008\" data-element_type=\"widget\" data-e-type=\"widget\" data-widget_type=\"heading.default\">\n\t\t\t\t<div class=\"elementor-widget-container\">\n\t\t\t\t\t<h3 class=\"elementor-heading-title elementor-size-default\">Quick Links<\/h3>\t\t\t\t<\/div>\n\t\t\t\t<\/div>\n\t\t\t\t<div class=\"elementor-element elementor-element-1378f10 elementor-widget elementor-widget-heading\" data-id=\"1378f10\" data-element_type=\"widget\" data-e-type=\"widget\" data-widget_type=\"heading.default\">\n\t\t\t\t<div class=\"elementor-widget-container\">\n\t\t\t\t\t<h5 class=\"elementor-heading-title elementor-size-default\"><a href=\"https:\/\/forum.prcmarine.org\/en\/\">Home<\/a><\/h5>\t\t\t\t<\/div>\n\t\t\t\t<\/div>\n\t\t\t\t<div class=\"elementor-element elementor-element-0822e80 elementor-widget elementor-widget-heading\" data-id=\"0822e80\" data-element_type=\"widget\" data-e-type=\"widget\" data-widget_type=\"heading.default\">\n\t\t\t\t<div class=\"elementor-widget-container\">\n\t\t\t\t\t<h5 class=\"elementor-heading-title elementor-size-default\"><a href=\"https:\/\/forum.prcmarine.org\/en\/aboutforum\/\">About the Forum<\/a><\/h5>\t\t\t\t<\/div>\n\t\t\t\t<\/div>\n\t\t\t\t<div class=\"elementor-element elementor-element-1a9d0c0 elementor-widget elementor-widget-heading\" data-id=\"1a9d0c0\" data-element_type=\"widget\" data-e-type=\"widget\" data-widget_type=\"heading.default\">\n\t\t\t\t<div class=\"elementor-widget-container\">\n\t\t\t\t\t<h5 class=\"elementor-heading-title elementor-size-default\">Blogs<\/h5>\t\t\t\t<\/div>\n\t\t\t\t<\/div>\n\t\t\t\t<div class=\"elementor-element elementor-element-b83a1f5 elementor-widget elementor-widget-heading\" data-id=\"b83a1f5\" data-element_type=\"widget\" data-e-type=\"widget\" data-widget_type=\"heading.default\">\n\t\t\t\t<div class=\"elementor-widget-container\">\n\t\t\t\t\t<h5 class=\"elementor-heading-title elementor-size-default\">Media<\/h5>\t\t\t\t<\/div>\n\t\t\t\t<\/div>\n\t\t\t\t<div class=\"elementor-element elementor-element-702261a elementor-widget elementor-widget-heading\" data-id=\"702261a\" data-element_type=\"widget\" data-e-type=\"widget\" data-widget_type=\"heading.default\">\n\t\t\t\t<div class=\"elementor-widget-container\">\n\t\t\t\t\t<h5 class=\"elementor-heading-title elementor-size-default\"><h5 data-elementor-setting-key=\"title\" data-pen-placeholder=\"\u00c9crivez ici...\" style=\"font-style: normal;font-family: Nunito;max-width: none\">Contact us<span style=\"font-family: Nunito\"><\/span><\/h5><\/h5>\t\t\t\t<\/div>\n\t\t\t\t<\/div>\n\t\t\t\t\t<\/div>\n\t\t\t\t<\/div>\n\t\t\t\t<\/div>\n\t\t<div class=\"elementor-element elementor-element-61d3ff5 e-con-full e-flex no no e-con e-child\" data-id=\"61d3ff5\" data-element_type=\"container\" data-e-type=\"container\">\n\t\t<div class=\"elementor-element elementor-element-354f2a4 e-con-full e-flex no no e-con e-child\" data-id=\"354f2a4\" data-element_type=\"container\" data-e-type=\"container\">\n\t\t\t\t<div class=\"elementor-element elementor-element-9254958 elementor-widget elementor-widget-heading\" data-id=\"9254958\" data-element_type=\"widget\" data-e-type=\"widget\" data-widget_type=\"heading.default\">\n\t\t\t\t<div class=\"elementor-widget-container\">\n\t\t\t\t\t<h3 class=\"elementor-heading-title elementor-size-default\">Contact us<\/h3>\t\t\t\t<\/div>\n\t\t\t\t<\/div>\n\t\t\t\t<div class=\"elementor-element elementor-element-3d56f33 elementor-align-start elementor-widget__width-initial elementor-icon-list--layout-traditional elementor-list-item-link-full_width elementor-widget elementor-widget-icon-list\" data-id=\"3d56f33\" data-element_type=\"widget\" data-e-type=\"widget\" data-widget_type=\"icon-list.default\">\n\t\t\t\t<div class=\"elementor-widget-container\">\n\t\t\t\t\t\t\t<ul class=\"elementor-icon-list-items\">\n\t\t\t\t\t\t\t<li class=\"elementor-icon-list-item\">\n\t\t\t\t\t\t\t\t\t\t\t<span class=\"elementor-icon-list-icon\">\n\t\t\t\t\t\t\t<svg aria-hidden=\"true\" class=\"e-font-icon-svg e-fas-location-arrow\" viewbox=\"0 0 512 512\" xmlns=\"http:\/\/www.w3.org\/2000\/svg\"><path d=\"M444.52 3.52L28.74 195.42c-47.97 22.39-31.98 92.75 19.19 92.75h175.91v175.91c0 51.17 70.36 67.17 92.75 19.19l191.9-415.78c15.99-38.39-25.59-79.97-63.97-63.97z\"><\/path><\/svg>\t\t\t\t\t\t<\/span>\n\t\t\t\t\t\t\t\t\t\t<span class=\"elementor-icon-list-text\">Zone B, Rue 111, Immeuble Capucine, 1er \u00e9tage, Appart C1, Dakar, S\u00e9n\u00e9gal<\/span>\n\t\t\t\t\t\t\t\t\t<\/li>\n\t\t\t\t\t\t\t\t<li class=\"elementor-icon-list-item\">\n\t\t\t\t\t\t\t\t\t\t\t<span class=\"elementor-icon-list-icon\">\n\t\t\t\t\t\t\t<svg aria-hidden=\"true\" class=\"e-font-icon-svg e-fas-mail-bulk\" viewbox=\"0 0 576 512\" xmlns=\"http:\/\/www.w3.org\/2000\/svg\"><path d=\"M160 448c-25.6 0-51.2-22.4-64-32-64-44.8-83.2-60.8-96-70.4V480c0 17.67 14.33 32 32 32h256c17.67 0 32-14.33 32-32V345.6c-12.8 9.6-32 25.6-96 70.4-12.8 9.6-38.4 32-64 32zm128-192H32c-17.67 0-32 14.33-32 32v16c25.6 19.2 22.4 19.2 115.2 86.4 9.6 6.4 28.8 25.6 44.8 25.6s35.2-19.2 44.8-22.4c92.8-67.2 89.6-67.2 115.2-86.4V288c0-17.67-14.33-32-32-32zm256-96H224c-17.67 0-32 14.33-32 32v32h96c33.21 0 60.59 25.42 63.71 57.82l.29-.22V416h192c17.67 0 32-14.33 32-32V192c0-17.67-14.33-32-32-32zm-32 128h-64v-64h64v64zm-352-96c0-35.29 28.71-64 64-64h224V32c0-17.67-14.33-32-32-32H96C78.33 0 64 14.33 64 32v192h96v-32z\"><\/path><\/svg>\t\t\t\t\t\t<\/span>\n\t\t\t\t\t\t\t\t\t\t<span class=\"elementor-icon-list-text\">forum@prcmarine.org<\/span>\n\t\t\t\t\t\t\t\t\t<\/li>\n\t\t\t\t\t\t\t\t<li class=\"elementor-icon-list-item\">\n\t\t\t\t\t\t\t\t\t\t\t<span class=\"elementor-icon-list-icon\">\n\t\t\t\t\t\t\t<svg aria-hidden=\"true\" class=\"e-font-icon-svg e-fas-phone-alt\" viewbox=\"0 0 512 512\" xmlns=\"http:\/\/www.w3.org\/2000\/svg\"><path d=\"M497.39 361.8l-112-48a24 24 0 0 0-28 6.9l-49.6 60.6A370.66 370.66 0 0 1 130.6 204.11l60.6-49.6a23.94 23.94 0 0 0 6.9-28l-48-112A24.16 24.16 0 0 0 122.6.61l-104 24A24 24 0 0 0 0 48c0 256.5 207.9 464 464 464a24 24 0 0 0 23.4-18.6l24-104a24.29 24.29 0 0 0-14.01-27.6z\"><\/path><\/svg>\t\t\t\t\t\t<\/span>\n\t\t\t\t\t\t\t\t\t\t<span class=\"elementor-icon-list-text\">+221 33 867 97 66<\/span>\n\t\t\t\t\t\t\t\t\t<\/li>\n\t\t\t\t\t\t<\/ul>\n\t\t\t\t\t\t<\/div>\n\t\t\t\t<\/div>\n\t\t\t\t<\/div>\n\t\t\t\t<\/div>\n\t\t\t\t\t<\/div>\n\t\t\t\t<\/div>\n\t\t<div class=\"elementor-element elementor-element-6058bdb e-flex e-con-boxed no no e-con e-parent\" data-id=\"6058bdb\" data-element_type=\"container\" data-e-type=\"container\" data-settings=\"{&quot;background_background&quot;:&quot;classic&quot;}\">\n\t\t\t\t\t<div class=\"e-con-inner\">\n\t\t\t\t<div class=\"elementor-element elementor-element-cdbf5ad elementor-widget elementor-widget-heading\" data-id=\"cdbf5ad\" data-element_type=\"widget\" data-e-type=\"widget\" data-widget_type=\"heading.default\">\n\t\t\t\t<div class=\"elementor-widget-container\">\n\t\t\t\t\t<h2 class=\"elementor-heading-title elementor-size-default\"><a href=\"https:\/\/twitter.com\/prcmarine\">#FORUMPRCM<\/a><\/h2>\t\t\t\t<\/div>\n\t\t\t\t<\/div>\n\t\t\t\t<div class=\"elementor-element elementor-element-2b053b0 elementor-widget elementor-widget-heading\" data-id=\"2b053b0\" data-element_type=\"widget\" data-e-type=\"widget\" data-widget_type=\"heading.default\">\n\t\t\t\t<div class=\"elementor-widget-container\">\n\t\t\t\t\t<h2 class=\"elementor-heading-title elementor-size-default\"><a href=\"https:\/\/www.linkedin.com\/company\/partenariat-r%C3%A9gional-pour-la-conservation-de-la-zone-c%C3%B4ti%C3%A8re-et-marine-en-afrique-de-l-ouest-prcm\/\">#FOMACO2026<\/a><\/h2>\t\t\t\t<\/div>\n\t\t\t\t<\/div>\n\t\t\t\t<div class=\"elementor-element elementor-element-bf86f2b elementor-widget elementor-widget-ms-social-icons\" data-id=\"bf86f2b\" data-element_type=\"widget\" data-e-type=\"widget\" data-widget_type=\"ms-social-icons.default\">\n\t\t\t\t<div class=\"elementor-widget-container\">\n\t\t\t\t\t        <div class=\"ms-s-w\">\r\n                    <a class=\"ms-s-i s-icon\" href=\"https:\/\/www.facebook.com\/prcmarine\"><i class=\"fa-brands fa-facebook\"><\/i><\/a>\r\n                    <a class=\"ms-s-i s-icon\" href=\"https:\/\/www.instagram.com\/prcmarine\/\"><i class=\"fa-brands fa-instagram\"><\/i><\/a>\r\n                    <a class=\"ms-s-i s-icon\" href=\"https:\/\/www.linkedin.com\/company\/partenariat-r%C3%A9gional-pour-la-conservation-de-la-zone-c%C3%B4ti%C3%A8re-et-marine-en-afrique-de-l-ouest-prcm\/\"><i class=\"fa-brands fa-linkedin\"><\/i><\/a>\r\n                    <a class=\"ms-s-i s-icon\" href=\"https:\/\/twitter.com\/prcmarine\"><i class=\"fa-brands fa-twitter\"><\/i><\/a>\r\n                    <a class=\"ms-s-i s-icon\" href=\"https:\/\/www.youtube.com\/user\/Prcmarine\"><i class=\"fa-brands fa-youtube\"><\/i><\/a>\r\n                <\/div>\r\n    \t\t\t\t<\/div>\n\t\t\t\t<\/div>\n\t\t\t\t\t<\/div>\n\t\t\t\t<\/div>\n\t\t<div class=\"elementor-element elementor-element-08caee4 e-flex e-con-boxed no no e-con e-parent\" data-id=\"08caee4\" data-element_type=\"container\" data-e-type=\"container\" data-settings=\"{&quot;background_background&quot;:&quot;classic&quot;}\">\n\t\t\t\t\t<div class=\"e-con-inner\">\n\t\t\t\t<div class=\"elementor-element elementor-element-1a1c948 elementor-widget elementor-widget-heading\" data-id=\"1a1c948\" data-element_type=\"widget\" data-e-type=\"widget\" data-widget_type=\"heading.default\">\n\t\t\t\t<div class=\"elementor-widget-container\">\n\t\t\t\t\t<p class=\"elementor-heading-title elementor-size-default\"><span style=\"font-family: Inter;font-size: 18px;font-style: normal;font-weight: 400\">\u00a9 <\/span>Forum PRCM<\/p>\t\t\t\t<\/div>\n\t\t\t\t<\/div>\n\t\t\t\t\t<\/div>\n\t\t\t\t<\/div>\n\t\t\t\t<\/div>","protected":false},"excerpt":{"rendered":"<p>A propos du Forum FOMACO, le plus grand \u00e9v\u00e8nement des acteurs de la conservation en Afrique de l\u2019Ouest Le Forum r\u00e9gional marin et c\u00f4tier [&hellip;]<\/p>\n","protected":false},"author":1,"featured_media":0,"parent":0,"menu_order":0,"comment_status":"closed","ping_status":"closed","template":"page-custom.php","meta":{"_acf_changed":false,"footnotes":""},"class_list":["post-22614","page","type-page","status-publish","hentry"],"acf":{"choi\u0441e_menu_page":"custom_menu_page","full_width":true,"header_transparent":true,"header_white":false,"menu_align_page":"center","menu_style":"fixed"},"aioseo_notices":[],"_links":{"self":[{"href":"https:\/\/forum.prcmarine.org\/en\/wp-json\/wp\/v2\/pages\/22614","targetHints":{"allow":["GET"]}}],"collection":[{"href":"https:\/\/forum.prcmarine.org\/en\/wp-json\/wp\/v2\/pages"}],"about":[{"href":"https:\/\/forum.prcmarine.org\/en\/wp-json\/wp\/v2\/types\/page"}],"author":[{"embeddable":true,"href":"https:\/\/forum.prcmarine.org\/en\/wp-json\/wp\/v2\/users\/1"}],"replies":[{"embeddable":true,"href":"https:\/\/forum.prcmarine.org\/en\/wp-json\/wp\/v2\/comments?post=22614"}],"version-history":[{"count":73,"href":"https:\/\/forum.prcmarine.org\/en\/wp-json\/wp\/v2\/pages\/22614\/revisions"}],"predecessor-version":[{"id":23810,"href":"https:\/\/forum.prcmarine.org\/en\/wp-json\/wp\/v2\/pages\/22614\/revisions\/23810"}],"wp:attachment":[{"href":"https:\/\/forum.prcmarine.org\/en\/wp-json\/wp\/v2\/media?parent=22614"}],"curies":[{"name":"wp","href":"https:\/\/api.w.org\/{rel}","templated":true}]}}