{"id":22980,"date":"2025-12-29T13:12:54","date_gmt":"2025-12-29T12:12:54","guid":{"rendered":"https:\/\/forum.prcmarine.org\/?page_id=22980"},"modified":"2026-03-14T04:43:52","modified_gmt":"2026-03-14T03:43:52","slug":"contribution","status":"publish","type":"page","link":"https:\/\/forum.prcmarine.org\/en\/contribution\/","title":{"rendered":"Appel \u00e0 contribution"},"content":{"rendered":"<div data-elementor-type=\"wp-page\" data-elementor-id=\"22980\" class=\"elementor elementor-22980\">\n\t\t\t\t<div class=\"elementor-element elementor-element-2ad3e54 e-flex e-con-boxed no no e-con e-parent\" data-id=\"2ad3e54\" data-element_type=\"container\" data-e-type=\"container\" data-settings=\"{&quot;background_background&quot;:&quot;classic&quot;,&quot;shape_divider_bottom&quot;:&quot;mountains&quot;}\">\n\t\t\t\t\t<div class=\"e-con-inner\">\n\t\t\t\t<div class=\"elementor-shape elementor-shape-bottom\" aria-hidden=\"true\" data-negative=\"false\">\n\t\t\t<svg xmlns=\"http:\/\/www.w3.org\/2000\/svg\" viewbox=\"0 0 1000 100\" preserveaspectratio=\"none\">\n\t<path class=\"elementor-shape-fill\" opacity=\"0.33\" d=\"M473,67.3c-203.9,88.3-263.1-34-320.3,0C66,119.1,0,59.7,0,59.7V0h1000v59.7 c0,0-62.1,26.1-94.9,29.3c-32.8,3.3-62.8-12.3-75.8-22.1C806,49.6,745.3,8.7,694.9,4.7S492.4,59,473,67.3z\"\/>\n\t<path class=\"elementor-shape-fill\" opacity=\"0.66\" d=\"M734,67.3c-45.5,0-77.2-23.2-129.1-39.1c-28.6-8.7-150.3-10.1-254,39.1 s-91.7-34.4-149.2,0C115.7,118.3,0,39.8,0,39.8V0h1000v36.5c0,0-28.2-18.5-92.1-18.5C810.2,18.1,775.7,67.3,734,67.3z\"\/>\n\t<path class=\"elementor-shape-fill\" d=\"M766.1,28.9c-200-57.5-266,65.5-395.1,19.5C242,1.8,242,5.4,184.8,20.6C128,35.8,132.3,44.9,89.9,52.5C28.6,63.7,0,0,0,0 h1000c0,0-9.9,40.9-83.6,48.1S829.6,47,766.1,28.9z\"\/>\n<\/svg>\t\t<\/div>\n\t\t<div class=\"elementor-element elementor-element-acdd41b e-con-full e-flex no no e-con e-child\" data-id=\"acdd41b\" data-element_type=\"container\" data-e-type=\"container\">\n\t\t<div class=\"elementor-element elementor-element-9f14f8d e-con-full e-flex no no elementor-invisible e-con e-child\" data-id=\"9f14f8d\" data-element_type=\"container\" data-e-type=\"container\" data-settings=\"{&quot;animation&quot;:&quot;fadeInUp&quot;}\">\n\t\t\t\t<div class=\"elementor-element elementor-element-6508cf3 elementor-invisible elementor-widget elementor-widget-heading\" data-id=\"6508cf3\" data-element_type=\"widget\" data-e-type=\"widget\" data-settings=\"{&quot;_animation&quot;:&quot;fadeInDown&quot;}\" data-widget_type=\"heading.default\">\n\t\t\t\t<div class=\"elementor-widget-container\">\n\t\t\t\t\t<h1 class=\"elementor-heading-title elementor-size-default\">Submit a contribution<\/h1>\t\t\t\t<\/div>\n\t\t\t\t<\/div>\n\t\t\t\t<\/div>\n\t\t\t\t<\/div>\n\t\t\t\t\t<\/div>\n\t\t\t\t<\/div>\n\t\t<div class=\"elementor-element elementor-element-f261549 e-flex e-con-boxed no no e-con e-parent\" data-id=\"f261549\" data-element_type=\"container\" data-e-type=\"container\" data-settings=\"{&quot;background_background&quot;:&quot;classic&quot;}\">\n\t\t\t\t\t<div class=\"e-con-inner\">\n\t\t\t\t<div class=\"elementor-element elementor-element-3683e4f elementor-widget elementor-widget-text-editor\" data-id=\"3683e4f\" data-element_type=\"widget\" data-e-type=\"widget\" data-widget_type=\"text-editor.default\">\n\t\t\t\t<div class=\"elementor-widget-container\">\n\t\t\t\t\t\t\t\t\t<h1 style=\"text-align: center;\" align=\"justify\"><strong>Information to know before filling out the form<\/strong><\/h1><ul style=\"text-align: left;\"><li>The session should highlight concrete knowledge, initiatives or innovations and encourage multi-stakeholder partnerships;<\/li><li>Communications for <b><u>technical workshops<\/u><\/b> may be submitted by <b><u>natural persons<\/u><\/b>, while the proposals of <b><u>side events<\/u><\/b> are reserved for <b><u>structures<\/u><\/b> (NGOs, government agencies, research centers, etc.).<\/li><li><strong><span style=\"color: #ff6600;\">The call for contributions is now closed <i>!<\/i><\/span><\/strong><\/li><\/ul><p align=\"justify\"><em>\u00a0<\/em><\/p><p style=\"text-align: left;\"><span style=\"color: #008080;\"><strong>Note:<\/strong><\/span><em> Acceptance of a proposal does not entitle the applicant to support their participation in the Forum.<\/em><\/p>\t\t\t\t\t\t\t\t<\/div>\n\t\t\t\t<\/div>\n\t\t\t\t\t<\/div>\n\t\t\t\t<\/div>\n\t\t<div class=\"elementor-element elementor-element-e1d72f7 e-flex e-con-boxed no no e-con e-parent\" data-id=\"e1d72f7\" data-element_type=\"container\" data-e-type=\"container\" data-settings=\"{&quot;background_background&quot;:&quot;classic&quot;}\">\n\t\t\t\t\t<div class=\"e-con-inner\">\n\t\t\t\t<div class=\"elementor-element elementor-element-6061869 elementor-widget elementor-widget-text-editor\" data-id=\"6061869\" data-element_type=\"widget\" data-e-type=\"widget\" data-widget_type=\"text-editor.default\">\n\t\t\t\t<div class=\"elementor-widget-container\">\n\t\t\t\t\t\t\t\t\t<p><\/p>\t\t\t\t\t\t\t\t<\/div>\n\t\t\t\t<\/div>\n\t\t\t\t\t<\/div>\n\t\t\t\t<\/div>\n\t\t<div class=\"elementor-element elementor-element-7c7efd3 e-flex e-con-boxed no no e-con e-parent\" data-id=\"7c7efd3\" data-element_type=\"container\" data-e-type=\"container\" data-settings=\"{&quot;background_background&quot;:&quot;classic&quot;}\">\n\t\t\t\t\t<div class=\"e-con-inner\">\n\t\t<div class=\"elementor-element elementor-element-a452756 e-con-full e-flex no no e-con e-child\" data-id=\"a452756\" data-element_type=\"container\" data-e-type=\"container\">\n\t\t\t\t<div class=\"elementor-element elementor-element-c27e4c3 elementor-widget elementor-widget-image\" data-id=\"c27e4c3\" data-element_type=\"widget\" data-e-type=\"widget\" data-widget_type=\"image.default\">\n\t\t\t\t<div class=\"elementor-widget-container\">\n\t\t\t\t\t\t\t\t\t\t\t\t\t\t\t<img decoding=\"async\" width=\"300\" height=\"140\" src=\"https:\/\/forum.prcmarine.org\/wp-content\/uploads\/2025\/12\/logos-300x140.png\" class=\"attachment-medium size-medium wp-image-22699\" alt=\"\" srcset=\"https:\/\/forum.prcmarine.org\/wp-content\/uploads\/2025\/12\/logos-300x140.png 300w, https:\/\/forum.prcmarine.org\/wp-content\/uploads\/2025\/12\/logos-1024x477.png 1024w, https:\/\/forum.prcmarine.org\/wp-content\/uploads\/2025\/12\/logos-768x358.png 768w, https:\/\/forum.prcmarine.org\/wp-content\/uploads\/2025\/12\/logos-1536x715.png 1536w, https:\/\/forum.prcmarine.org\/wp-content\/uploads\/2025\/12\/logos-2048x953.png 2048w, https:\/\/forum.prcmarine.org\/wp-content\/uploads\/2025\/12\/logos-1120x521.png 1120w\" sizes=\"(max-width: 300px) 100vw, 300px\" \/>\t\t\t\t\t\t\t\t\t\t\t\t\t\t\t<\/div>\n\t\t\t\t<\/div>\n\t\t\t\t<div class=\"elementor-element elementor-element-1e18a8f elementor-widget elementor-widget-heading\" data-id=\"1e18a8f\" data-element_type=\"widget\" data-e-type=\"widget\" data-widget_type=\"heading.default\">\n\t\t\t\t<div class=\"elementor-widget-container\">\n\t\t\t\t\t<h5 class=\"elementor-heading-title elementor-size-default\">Since 2004, the PRCM has organised the Regional Marine and Coastal Forum (FOMACO), which has become the essential meeting place for all stakeholders involved in the protection of marine and coastal ecosystems.<\/h5>\t\t\t\t<\/div>\n\t\t\t\t<\/div>\n\t\t\t\t<\/div>\n\t\t<div class=\"elementor-element elementor-element-41c0a93 e-con-full e-flex no no e-con e-child\" data-id=\"41c0a93\" data-element_type=\"container\" data-e-type=\"container\">\n\t\t\t\t<\/div>\n\t\t<div class=\"elementor-element elementor-element-982d378 e-con-full e-flex no no e-con e-child\" data-id=\"982d378\" data-element_type=\"container\" data-e-type=\"container\">\n\t\t<div class=\"elementor-element elementor-element-204db7f e-flex e-con-boxed no no e-con e-child\" data-id=\"204db7f\" data-element_type=\"container\" data-e-type=\"container\">\n\t\t\t\t\t<div class=\"e-con-inner\">\n\t\t\t\t<div class=\"elementor-element elementor-element-681fa7a elementor-widget elementor-widget-heading\" data-id=\"681fa7a\" data-element_type=\"widget\" data-e-type=\"widget\" data-widget_type=\"heading.default\">\n\t\t\t\t<div class=\"elementor-widget-container\">\n\t\t\t\t\t<h3 class=\"elementor-heading-title elementor-size-default\">Quick Links<\/h3>\t\t\t\t<\/div>\n\t\t\t\t<\/div>\n\t\t\t\t<div class=\"elementor-element elementor-element-2fe666c elementor-widget elementor-widget-heading\" data-id=\"2fe666c\" data-element_type=\"widget\" data-e-type=\"widget\" data-widget_type=\"heading.default\">\n\t\t\t\t<div class=\"elementor-widget-container\">\n\t\t\t\t\t<h5 class=\"elementor-heading-title elementor-size-default\"><a href=\"https:\/\/forum.prcmarine.org\/en\/\">Home<\/a><\/h5>\t\t\t\t<\/div>\n\t\t\t\t<\/div>\n\t\t\t\t<div class=\"elementor-element elementor-element-d161e12 elementor-widget elementor-widget-heading\" data-id=\"d161e12\" data-element_type=\"widget\" data-e-type=\"widget\" data-widget_type=\"heading.default\">\n\t\t\t\t<div class=\"elementor-widget-container\">\n\t\t\t\t\t<h5 class=\"elementor-heading-title elementor-size-default\"><a href=\"https:\/\/forum.prcmarine.org\/en\/aboutforum\/\">About the Forum<\/a><\/h5>\t\t\t\t<\/div>\n\t\t\t\t<\/div>\n\t\t\t\t<div class=\"elementor-element elementor-element-940a70d elementor-widget elementor-widget-heading\" data-id=\"940a70d\" data-element_type=\"widget\" data-e-type=\"widget\" data-widget_type=\"heading.default\">\n\t\t\t\t<div class=\"elementor-widget-container\">\n\t\t\t\t\t<h5 class=\"elementor-heading-title elementor-size-default\">Blogs<\/h5>\t\t\t\t<\/div>\n\t\t\t\t<\/div>\n\t\t\t\t<div class=\"elementor-element elementor-element-18e16cb elementor-widget elementor-widget-heading\" data-id=\"18e16cb\" data-element_type=\"widget\" data-e-type=\"widget\" data-widget_type=\"heading.default\">\n\t\t\t\t<div class=\"elementor-widget-container\">\n\t\t\t\t\t<h5 class=\"elementor-heading-title elementor-size-default\">Media<\/h5>\t\t\t\t<\/div>\n\t\t\t\t<\/div>\n\t\t\t\t<div class=\"elementor-element elementor-element-3369a77 elementor-widget elementor-widget-heading\" data-id=\"3369a77\" data-element_type=\"widget\" data-e-type=\"widget\" data-widget_type=\"heading.default\">\n\t\t\t\t<div class=\"elementor-widget-container\">\n\t\t\t\t\t<h5 class=\"elementor-heading-title elementor-size-default\"><h5 data-elementor-setting-key=\"title\" data-pen-placeholder=\"\u00c9crivez ici...\" style=\"font-style: normal;font-family: Nunito;max-width: none\">Contact us<span style=\"font-family: Nunito\"><\/span><\/h5><\/h5>\t\t\t\t<\/div>\n\t\t\t\t<\/div>\n\t\t\t\t\t<\/div>\n\t\t\t\t<\/div>\n\t\t\t\t<\/div>\n\t\t<div class=\"elementor-element elementor-element-96328b7 e-con-full e-flex no no e-con e-child\" data-id=\"96328b7\" data-element_type=\"container\" data-e-type=\"container\">\n\t\t<div class=\"elementor-element elementor-element-d63c24e e-con-full e-flex no no e-con e-child\" data-id=\"d63c24e\" data-element_type=\"container\" data-e-type=\"container\">\n\t\t\t\t<div class=\"elementor-element elementor-element-b92deff elementor-widget elementor-widget-heading\" data-id=\"b92deff\" data-element_type=\"widget\" data-e-type=\"widget\" data-widget_type=\"heading.default\">\n\t\t\t\t<div class=\"elementor-widget-container\">\n\t\t\t\t\t<h3 class=\"elementor-heading-title elementor-size-default\">Contact us<\/h3>\t\t\t\t<\/div>\n\t\t\t\t<\/div>\n\t\t\t\t<div class=\"elementor-element elementor-element-955dd7f elementor-align-start elementor-widget__width-initial elementor-icon-list--layout-traditional elementor-list-item-link-full_width elementor-widget elementor-widget-icon-list\" data-id=\"955dd7f\" data-element_type=\"widget\" data-e-type=\"widget\" data-widget_type=\"icon-list.default\">\n\t\t\t\t<div class=\"elementor-widget-container\">\n\t\t\t\t\t\t\t<ul class=\"elementor-icon-list-items\">\n\t\t\t\t\t\t\t<li class=\"elementor-icon-list-item\">\n\t\t\t\t\t\t\t\t\t\t\t<span class=\"elementor-icon-list-icon\">\n\t\t\t\t\t\t\t<svg aria-hidden=\"true\" class=\"e-font-icon-svg e-fas-location-arrow\" viewbox=\"0 0 512 512\" xmlns=\"http:\/\/www.w3.org\/2000\/svg\"><path d=\"M444.52 3.52L28.74 195.42c-47.97 22.39-31.98 92.75 19.19 92.75h175.91v175.91c0 51.17 70.36 67.17 92.75 19.19l191.9-415.78c15.99-38.39-25.59-79.97-63.97-63.97z\"><\/path><\/svg>\t\t\t\t\t\t<\/span>\n\t\t\t\t\t\t\t\t\t\t<span class=\"elementor-icon-list-text\">Zone B, Rue 111, Immeuble Capucine, 1er \u00e9tage, Appart C1, Dakar, S\u00e9n\u00e9gals <\/span>\n\t\t\t\t\t\t\t\t\t<\/li>\n\t\t\t\t\t\t\t\t<li class=\"elementor-icon-list-item\">\n\t\t\t\t\t\t\t\t\t\t\t<span class=\"elementor-icon-list-icon\">\n\t\t\t\t\t\t\t<svg aria-hidden=\"true\" class=\"e-font-icon-svg e-fas-mail-bulk\" viewbox=\"0 0 576 512\" xmlns=\"http:\/\/www.w3.org\/2000\/svg\"><path d=\"M160 448c-25.6 0-51.2-22.4-64-32-64-44.8-83.2-60.8-96-70.4V480c0 17.67 14.33 32 32 32h256c17.67 0 32-14.33 32-32V345.6c-12.8 9.6-32 25.6-96 70.4-12.8 9.6-38.4 32-64 32zm128-192H32c-17.67 0-32 14.33-32 32v16c25.6 19.2 22.4 19.2 115.2 86.4 9.6 6.4 28.8 25.6 44.8 25.6s35.2-19.2 44.8-22.4c92.8-67.2 89.6-67.2 115.2-86.4V288c0-17.67-14.33-32-32-32zm256-96H224c-17.67 0-32 14.33-32 32v32h96c33.21 0 60.59 25.42 63.71 57.82l.29-.22V416h192c17.67 0 32-14.33 32-32V192c0-17.67-14.33-32-32-32zm-32 128h-64v-64h64v64zm-352-96c0-35.29 28.71-64 64-64h224V32c0-17.67-14.33-32-32-32H96C78.33 0 64 14.33 64 32v192h96v-32z\"><\/path><\/svg>\t\t\t\t\t\t<\/span>\n\t\t\t\t\t\t\t\t\t\t<span class=\"elementor-icon-list-text\">forum@prcmarine.org<\/span>\n\t\t\t\t\t\t\t\t\t<\/li>\n\t\t\t\t\t\t\t\t<li class=\"elementor-icon-list-item\">\n\t\t\t\t\t\t\t\t\t\t\t<span class=\"elementor-icon-list-icon\">\n\t\t\t\t\t\t\t<svg aria-hidden=\"true\" class=\"e-font-icon-svg e-fas-phone-alt\" viewbox=\"0 0 512 512\" xmlns=\"http:\/\/www.w3.org\/2000\/svg\"><path d=\"M497.39 361.8l-112-48a24 24 0 0 0-28 6.9l-49.6 60.6A370.66 370.66 0 0 1 130.6 204.11l60.6-49.6a23.94 23.94 0 0 0 6.9-28l-48-112A24.16 24.16 0 0 0 122.6.61l-104 24A24 24 0 0 0 0 48c0 256.5 207.9 464 464 464a24 24 0 0 0 23.4-18.6l24-104a24.29 24.29 0 0 0-14.01-27.6z\"><\/path><\/svg>\t\t\t\t\t\t<\/span>\n\t\t\t\t\t\t\t\t\t\t<span class=\"elementor-icon-list-text\">+221 33 867 97 66<\/span>\n\t\t\t\t\t\t\t\t\t<\/li>\n\t\t\t\t\t\t<\/ul>\n\t\t\t\t\t\t<\/div>\n\t\t\t\t<\/div>\n\t\t\t\t<\/div>\n\t\t\t\t<\/div>\n\t\t\t\t\t<\/div>\n\t\t\t\t<\/div>\n\t\t<div class=\"elementor-element elementor-element-43fcca8 e-flex e-con-boxed no no e-con e-parent\" data-id=\"43fcca8\" data-element_type=\"container\" data-e-type=\"container\" data-settings=\"{&quot;background_background&quot;:&quot;classic&quot;}\">\n\t\t\t\t\t<div class=\"e-con-inner\">\n\t\t\t\t<div class=\"elementor-element elementor-element-fabb6ff elementor-widget elementor-widget-heading\" data-id=\"fabb6ff\" data-element_type=\"widget\" data-e-type=\"widget\" data-widget_type=\"heading.default\">\n\t\t\t\t<div class=\"elementor-widget-container\">\n\t\t\t\t\t<h2 class=\"elementor-heading-title elementor-size-default\"><a href=\"https:\/\/twitter.com\/prcmarine\">#FORUMPRCM<\/a><\/h2>\t\t\t\t<\/div>\n\t\t\t\t<\/div>\n\t\t\t\t<div class=\"elementor-element elementor-element-5066cbd elementor-widget elementor-widget-heading\" data-id=\"5066cbd\" data-element_type=\"widget\" data-e-type=\"widget\" data-widget_type=\"heading.default\">\n\t\t\t\t<div class=\"elementor-widget-container\">\n\t\t\t\t\t<h2 class=\"elementor-heading-title elementor-size-default\"><a href=\"https:\/\/www.linkedin.com\/company\/partenariat-r%C3%A9gional-pour-la-conservation-de-la-zone-c%C3%B4ti%C3%A8re-et-marine-en-afrique-de-l-ouest-prcm\/\">#FOMACO2026<\/a><\/h2>\t\t\t\t<\/div>\n\t\t\t\t<\/div>\n\t\t\t\t<div class=\"elementor-element elementor-element-af84e40 elementor-widget elementor-widget-ms-social-icons\" data-id=\"af84e40\" data-element_type=\"widget\" data-e-type=\"widget\" data-widget_type=\"ms-social-icons.default\">\n\t\t\t\t<div class=\"elementor-widget-container\">\n\t\t\t\t\t        <div class=\"ms-s-w\">\r\n                    <a class=\"ms-s-i s-icon\" href=\"https:\/\/www.facebook.com\/prcmarine\"><i class=\"fa-brands fa-facebook\"><\/i><\/a>\r\n                    <a class=\"ms-s-i s-icon\" href=\"https:\/\/www.instagram.com\/prcmarine\/\"><i class=\"fa-brands fa-instagram\"><\/i><\/a>\r\n                    <a class=\"ms-s-i s-icon\" href=\"https:\/\/www.linkedin.com\/company\/partenariat-r%C3%A9gional-pour-la-conservation-de-la-zone-c%C3%B4ti%C3%A8re-et-marine-en-afrique-de-l-ouest-prcm\/\"><i class=\"fa-brands fa-linkedin\"><\/i><\/a>\r\n                    <a class=\"ms-s-i s-icon\" href=\"https:\/\/twitter.com\/prcmarine\"><i class=\"fa-brands fa-twitter\"><\/i><\/a>\r\n                    <a class=\"ms-s-i s-icon\" href=\"https:\/\/www.youtube.com\/user\/Prcmarine\"><i class=\"fa-brands fa-youtube\"><\/i><\/a>\r\n                <\/div>\r\n    \t\t\t\t<\/div>\n\t\t\t\t<\/div>\n\t\t\t\t\t<\/div>\n\t\t\t\t<\/div>\n\t\t<div class=\"elementor-element elementor-element-38cadad e-flex e-con-boxed no no e-con e-parent\" data-id=\"38cadad\" data-element_type=\"container\" data-e-type=\"container\" data-settings=\"{&quot;background_background&quot;:&quot;classic&quot;}\">\n\t\t\t\t\t<div class=\"e-con-inner\">\n\t\t\t\t<div class=\"elementor-element elementor-element-df8c4b5 elementor-widget elementor-widget-heading\" data-id=\"df8c4b5\" data-element_type=\"widget\" data-e-type=\"widget\" data-widget_type=\"heading.default\">\n\t\t\t\t<div class=\"elementor-widget-container\">\n\t\t\t\t\t<p class=\"elementor-heading-title elementor-size-default\"><span style=\"font-family: Inter;font-size: 18px;font-style: normal;font-weight: 400\">\u00a9 <\/span>Forum PRCM<\/p>\t\t\t\t<\/div>\n\t\t\t\t<\/div>\n\t\t\t\t\t<\/div>\n\t\t\t\t<\/div>\n\t\t\t\t<\/div>","protected":false},"excerpt":{"rendered":"<p>Soumettre une contribution Informations \u00e0 connaitre avant de remplir le formulaire La session doit mettre en avant des connaissances, des initiatives ou innovations concr\u00e8tes [&hellip;]<\/p>\n","protected":false},"author":1,"featured_media":0,"parent":0,"menu_order":0,"comment_status":"closed","ping_status":"closed","template":"page-custom.php","meta":{"_acf_changed":false,"footnotes":""},"class_list":["post-22980","page","type-page","status-publish","hentry"],"acf":{"choi\u0441e_menu_page":"custom_menu_page","full_width":true,"header_transparent":true,"header_white":false,"menu_align_page":"center","menu_style":"fixed"},"aioseo_notices":[],"_links":{"self":[{"href":"https:\/\/forum.prcmarine.org\/en\/wp-json\/wp\/v2\/pages\/22980","targetHints":{"allow":["GET"]}}],"collection":[{"href":"https:\/\/forum.prcmarine.org\/en\/wp-json\/wp\/v2\/pages"}],"about":[{"href":"https:\/\/forum.prcmarine.org\/en\/wp-json\/wp\/v2\/types\/page"}],"author":[{"embeddable":true,"href":"https:\/\/forum.prcmarine.org\/en\/wp-json\/wp\/v2\/users\/1"}],"replies":[{"embeddable":true,"href":"https:\/\/forum.prcmarine.org\/en\/wp-json\/wp\/v2\/comments?post=22980"}],"version-history":[{"count":61,"href":"https:\/\/forum.prcmarine.org\/en\/wp-json\/wp\/v2\/pages\/22980\/revisions"}],"predecessor-version":[{"id":24538,"href":"https:\/\/forum.prcmarine.org\/en\/wp-json\/wp\/v2\/pages\/22980\/revisions\/24538"}],"wp:attachment":[{"href":"https:\/\/forum.prcmarine.org\/en\/wp-json\/wp\/v2\/media?parent=22980"}],"curies":[{"name":"wp","href":"https:\/\/api.w.org\/{rel}","templated":true}]}}