{"id":24175,"date":"2026-03-01T16:06:39","date_gmt":"2026-03-01T15:06:39","guid":{"rendered":"https:\/\/forum.prcmarine.org\/?page_id=24175"},"modified":"2026-03-02T09:08:27","modified_gmt":"2026-03-02T08:08:27","slug":"le-lieu-du-forum","status":"publish","type":"page","link":"https:\/\/forum.prcmarine.org\/en\/le-lieu-du-forum\/","title":{"rendered":"The Foum Location"},"content":{"rendered":"<div data-elementor-type=\"wp-page\" data-elementor-id=\"24175\" class=\"elementor elementor-24175\">\n\t\t\t\t<div class=\"elementor-element elementor-element-2ad3e54 e-flex e-con-boxed no e-con e-parent\" data-id=\"2ad3e54\" data-element_type=\"container\" data-e-type=\"container\" data-settings=\"{&quot;background_background&quot;:&quot;classic&quot;,&quot;shape_divider_bottom&quot;:&quot;mountains&quot;}\">\n\t\t\t\t\t<div class=\"e-con-inner\">\n\t\t\t\t<div class=\"elementor-shape elementor-shape-bottom\" aria-hidden=\"true\" data-negative=\"false\">\n\t\t\t<svg xmlns=\"http:\/\/www.w3.org\/2000\/svg\" viewbox=\"0 0 1000 100\" preserveaspectratio=\"none\">\n\t<path class=\"elementor-shape-fill\" opacity=\"0.33\" d=\"M473,67.3c-203.9,88.3-263.1-34-320.3,0C66,119.1,0,59.7,0,59.7V0h1000v59.7 c0,0-62.1,26.1-94.9,29.3c-32.8,3.3-62.8-12.3-75.8-22.1C806,49.6,745.3,8.7,694.9,4.7S492.4,59,473,67.3z\"\/>\n\t<path class=\"elementor-shape-fill\" opacity=\"0.66\" d=\"M734,67.3c-45.5,0-77.2-23.2-129.1-39.1c-28.6-8.7-150.3-10.1-254,39.1 s-91.7-34.4-149.2,0C115.7,118.3,0,39.8,0,39.8V0h1000v36.5c0,0-28.2-18.5-92.1-18.5C810.2,18.1,775.7,67.3,734,67.3z\"\/>\n\t<path class=\"elementor-shape-fill\" d=\"M766.1,28.9c-200-57.5-266,65.5-395.1,19.5C242,1.8,242,5.4,184.8,20.6C128,35.8,132.3,44.9,89.9,52.5C28.6,63.7,0,0,0,0 h1000c0,0-9.9,40.9-83.6,48.1S829.6,47,766.1,28.9z\"\/>\n<\/svg>\t\t<\/div>\n\t\t<div class=\"elementor-element elementor-element-acdd41b e-con-full e-flex no no e-con e-child\" data-id=\"acdd41b\" data-element_type=\"container\" data-e-type=\"container\">\n\t\t<div class=\"elementor-element elementor-element-9f14f8d e-con-full e-flex no no elementor-invisible e-con e-child\" data-id=\"9f14f8d\" data-element_type=\"container\" data-e-type=\"container\" data-settings=\"{&quot;animation&quot;:&quot;fadeInUp&quot;}\">\n\t\t\t\t<div class=\"elementor-element elementor-element-6508cf3 elementor-invisible elementor-widget elementor-widget-heading\" data-id=\"6508cf3\" data-element_type=\"widget\" data-e-type=\"widget\" data-settings=\"{&quot;_animation&quot;:&quot;fadeInDown&quot;}\" data-widget_type=\"heading.default\">\n\t\t\t\t<div class=\"elementor-widget-container\">\n\t\t\t\t\t<h1 class=\"elementor-heading-title elementor-size-default\">The Foum Location<\/h1>\t\t\t\t<\/div>\n\t\t\t\t<\/div>\n\t\t\t\t<\/div>\n\t\t\t\t<\/div>\n\t\t\t\t\t<\/div>\n\t\t\t\t<\/div>\n\t\t<div class=\"elementor-element elementor-element-7ceb0e5 e-flex e-con-boxed no no e-con e-parent\" data-id=\"7ceb0e5\" data-element_type=\"container\" data-e-type=\"container\" data-settings=\"{&quot;background_background&quot;:&quot;classic&quot;}\">\n\t\t\t\t\t<div class=\"e-con-inner\">\n\t\t\t\t<div class=\"elementor-element elementor-element-60ec54a elementor-widget elementor-widget-text-editor\" data-id=\"60ec54a\" data-element_type=\"widget\" data-e-type=\"widget\" data-widget_type=\"text-editor.default\">\n\t\t\t\t<div class=\"elementor-widget-container\">\n\t\t\t\t\t\t\t\t\t<h2 style=\"text-align: center;\"><span style=\"color: #000080;\">The Regional Marine and Coastal Forum will be held at <strong>Palais des Congr\u00e8s Mokhtar Ould Daddah<\/strong> from Nouakchott, Mauritania.<\/span><\/h2>\t\t\t\t\t\t\t\t<\/div>\n\t\t\t\t<\/div>\n\t\t\t\t\t<\/div>\n\t\t\t\t<\/div>\n\t\t<div class=\"elementor-element elementor-element-9ef75d3 e-flex e-con-boxed no no e-con e-parent\" data-id=\"9ef75d3\" data-element_type=\"container\" data-e-type=\"container\" data-settings=\"{&quot;background_background&quot;:&quot;classic&quot;}\">\n\t\t\t\t\t<div class=\"e-con-inner\">\n\t\t<div class=\"elementor-element elementor-element-ca488cb e-grid e-con-full no no e-con e-child\" data-id=\"ca488cb\" data-element_type=\"container\" data-e-type=\"container\">\n\t\t\t\t<div class=\"elementor-element elementor-element-713db8f elementor-widget__width-initial elementor-widget elementor-widget-image\" data-id=\"713db8f\" data-element_type=\"widget\" data-e-type=\"widget\" data-widget_type=\"image.default\">\n\t\t\t\t<div class=\"elementor-widget-container\">\n\t\t\t\t\t\t\t\t\t\t\t\t\t\t\t<img fetchpriority=\"high\" decoding=\"async\" width=\"499\" height=\"281\" src=\"https:\/\/forum.prcmarine.org\/wp-content\/uploads\/2026\/02\/jR18FaY0.jpeg\" class=\"attachment-full size-full wp-image-23958\" alt=\"\" srcset=\"https:\/\/forum.prcmarine.org\/wp-content\/uploads\/2026\/02\/jR18FaY0.jpeg 499w, https:\/\/forum.prcmarine.org\/wp-content\/uploads\/2026\/02\/jR18FaY0-300x169.jpeg 300w, https:\/\/forum.prcmarine.org\/wp-content\/uploads\/2026\/02\/jR18FaY0-18x10.jpeg 18w\" sizes=\"(max-width: 499px) 100vw, 499px\" \/>\t\t\t\t\t\t\t\t\t\t\t\t\t\t\t<\/div>\n\t\t\t\t<\/div>\n\t\t\t\t<div class=\"elementor-element elementor-element-8f88d8a elementor-widget elementor-widget-google_maps\" data-id=\"8f88d8a\" data-element_type=\"widget\" data-e-type=\"widget\" data-widget_type=\"google_maps.default\">\n\t\t\t\t<div class=\"elementor-widget-container\">\n\t\t\t\t\t\t\t<div class=\"elementor-custom-embed\">\n\t\t\t<iframe loading=\"lazy\"\n\t\t\t\t\tsrc=\"https:\/\/maps.google.com\/maps?q=Nouakchott%20%20Palais%20du%20peuple%20%28anciennement%20le%20palais%20du%20congr%C3%A8s%29&#038;t=m&#038;z=10&#038;output=embed&#038;iwloc=near\"\n\t\t\t\t\ttitle=\"Nouakchott  Palais du peuple (anciennement le palais du congr\u00e8s)\"\n\t\t\t\t\taria-label=\"Nouakchott  Palais du peuple (anciennement le palais du congr\u00e8s)\"\n\t\t\t><\/iframe>\n\t\t<\/div>\n\t\t\t\t\t\t<\/div>\n\t\t\t\t<\/div>\n\t\t\t\t<\/div>\n\t\t\t\t\t<\/div>\n\t\t\t\t<\/div>\n\t\t<div class=\"elementor-element elementor-element-f5b4ab5 e-flex e-con-boxed no no e-con e-parent\" data-id=\"f5b4ab5\" data-element_type=\"container\" data-e-type=\"container\" data-settings=\"{&quot;background_background&quot;:&quot;classic&quot;}\">\n\t\t\t\t\t<div class=\"e-con-inner\">\n\t\t<div class=\"elementor-element elementor-element-7aa3668 e-con-full e-flex no no e-con e-child\" data-id=\"7aa3668\" data-element_type=\"container\" data-e-type=\"container\">\n\t\t\t\t<div class=\"elementor-element elementor-element-a60a922 elementor-widget elementor-widget-heading\" data-id=\"a60a922\" data-element_type=\"widget\" data-e-type=\"widget\" data-widget_type=\"heading.default\">\n\t\t\t\t<div class=\"elementor-widget-container\">\n\t\t\t\t\t<h2 class=\"elementor-heading-title elementor-size-default\">Location of the Forum<\/h2>\t\t\t\t<\/div>\n\t\t\t\t<\/div>\n\t\t<div class=\"elementor-element elementor-element-c51d322 e-con-full e-flex no no e-con e-child\" data-id=\"c51d322\" data-element_type=\"container\" data-e-type=\"container\">\n\t\t\t\t<div class=\"elementor-element elementor-element-a5b2877 elementor-widget__width-initial elementor-widget-mobile__width-initial elementor-widget elementor-widget-text-editor\" data-id=\"a5b2877\" data-element_type=\"widget\" data-e-type=\"widget\" data-widget_type=\"text-editor.default\">\n\t\t\t\t<div class=\"elementor-widget-container\">\n\t\t\t\t\t\t\t\t\t<p><span style=\"color: #ffffff; font-size: 24.1562px;\">Le Palais des Congr\u00e8s Mokhtar Ould Daddah avec son architecture sobre et fonctionnelle est situ\u00e9 au centre de la ville de Nouakchott sur l\u2019avenue Mokhtar Ould Daddah.<span style=\"color: #ffffff; font-size: 24.1562px;\">Le Palais des Congr\u00e8s a pour vocation d\u2019accueillir des \u00e9v\u00e8nements politiques, culturels, et de divertissements majeurs : forums, conf\u00e9rences, galas ou repr\u00e9sentations artistiques.<span style=\"color: #ffffff; font-size: 24.1562px;\">With its three large halls (seating 100 to 700), lobby, and several meeting rooms, the Nouakchott Congress Centre has been a leading venue for internationally renowned congresses for over 30 years. It has also hosted numerous international conferences and summits.<br \/><\/span><span style=\"color: #ffffff; font-size: 24.1562px;\"><br \/><\/span><span style=\"color: #ffffff; font-size: 24.1562px;\">The Nouakchott Convention Centre offers an ideal infrastructure of over 115,000 m\u00b2, including over 6,000 m\u00b2 of built space, to accommodate tailor-made and multidimensional events.<br \/><\/span><span style=\"color: #ffffff; font-size: 24.1562px;\"><br \/><\/span><span style=\"color: #ffffff; font-size: 24.1562px;\">En plus des salles d\u00e9di\u00e9es aux r\u00e9unions, le Palais des Congr\u00e8s dispose \u00e9galement de 6 villas de passage tr\u00e8s haut standing, d\u2019un tr\u00e8s grand chapiteau modulable, d\u2019une salle de banquet extensibles de 120 places, d\u2019\u00e9quipements techniques performants ainsi que d\u2019un personnel rompu aux t\u00e2ches d\u2019organisation d\u2019\u00e9v\u00e9nements majeurs. <\/span><\/span><\/span><\/p>\t\t\t\t\t\t\t\t<\/div>\n\t\t\t\t<\/div>\n\t\t\t\t<\/div>\n\t\t\t\t<\/div>\n\t\t\t\t\t<\/div>\n\t\t\t\t<\/div>\n\t\t<div class=\"elementor-element elementor-element-1c78a3e e-flex e-con-boxed no no e-con e-parent\" data-id=\"1c78a3e\" data-element_type=\"container\" data-e-type=\"container\" data-settings=\"{&quot;background_background&quot;:&quot;classic&quot;}\">\n\t\t\t\t\t<div class=\"e-con-inner\">\n\t\t<div class=\"elementor-element elementor-element-b41c716 e-con-full e-flex no no e-con e-child\" data-id=\"b41c716\" data-element_type=\"container\" data-e-type=\"container\">\n\t\t\t\t<div class=\"elementor-element elementor-element-8cd0d04 elementor-widget elementor-widget-image\" data-id=\"8cd0d04\" data-element_type=\"widget\" data-e-type=\"widget\" data-widget_type=\"image.default\">\n\t\t\t\t<div class=\"elementor-widget-container\">\n\t\t\t\t\t\t\t\t\t\t\t\t\t\t\t<img decoding=\"async\" width=\"300\" height=\"140\" src=\"https:\/\/forum.prcmarine.org\/wp-content\/uploads\/2025\/12\/logos-300x140.png\" class=\"attachment-medium size-medium wp-image-22699\" alt=\"\" srcset=\"https:\/\/forum.prcmarine.org\/wp-content\/uploads\/2025\/12\/logos-300x140.png 300w, https:\/\/forum.prcmarine.org\/wp-content\/uploads\/2025\/12\/logos-1024x477.png 1024w, https:\/\/forum.prcmarine.org\/wp-content\/uploads\/2025\/12\/logos-768x358.png 768w, https:\/\/forum.prcmarine.org\/wp-content\/uploads\/2025\/12\/logos-1536x715.png 1536w, https:\/\/forum.prcmarine.org\/wp-content\/uploads\/2025\/12\/logos-2048x953.png 2048w, https:\/\/forum.prcmarine.org\/wp-content\/uploads\/2025\/12\/logos-1120x521.png 1120w\" sizes=\"(max-width: 300px) 100vw, 300px\" \/>\t\t\t\t\t\t\t\t\t\t\t\t\t\t\t<\/div>\n\t\t\t\t<\/div>\n\t\t\t\t<div class=\"elementor-element elementor-element-ef3d6da elementor-widget elementor-widget-heading\" data-id=\"ef3d6da\" data-element_type=\"widget\" data-e-type=\"widget\" data-widget_type=\"heading.default\">\n\t\t\t\t<div class=\"elementor-widget-container\">\n\t\t\t\t\t<h5 class=\"elementor-heading-title elementor-size-default\">Since 2004, the PRCM has organised the Regional Marine and Coastal Forum (FOMACO), which has become the essential meeting place for all stakeholders involved in the protection of marine and coastal ecosystems.<\/h5>\t\t\t\t<\/div>\n\t\t\t\t<\/div>\n\t\t\t\t<\/div>\n\t\t<div class=\"elementor-element elementor-element-d61ced6 e-con-full e-flex no no e-con e-child\" data-id=\"d61ced6\" data-element_type=\"container\" data-e-type=\"container\">\n\t\t\t\t<\/div>\n\t\t<div class=\"elementor-element elementor-element-3652a81 e-con-full e-flex no no e-con e-child\" data-id=\"3652a81\" data-element_type=\"container\" data-e-type=\"container\">\n\t\t<div class=\"elementor-element elementor-element-a0d7a28 e-flex e-con-boxed no no e-con e-child\" data-id=\"a0d7a28\" data-element_type=\"container\" data-e-type=\"container\">\n\t\t\t\t\t<div class=\"e-con-inner\">\n\t\t\t\t<div class=\"elementor-element elementor-element-3cb72b5 elementor-widget elementor-widget-heading\" data-id=\"3cb72b5\" data-element_type=\"widget\" data-e-type=\"widget\" data-widget_type=\"heading.default\">\n\t\t\t\t<div class=\"elementor-widget-container\">\n\t\t\t\t\t<h3 class=\"elementor-heading-title elementor-size-default\">Quick Links<\/h3>\t\t\t\t<\/div>\n\t\t\t\t<\/div>\n\t\t\t\t<div class=\"elementor-element elementor-element-20dc657 elementor-widget elementor-widget-heading\" data-id=\"20dc657\" data-element_type=\"widget\" data-e-type=\"widget\" data-widget_type=\"heading.default\">\n\t\t\t\t<div class=\"elementor-widget-container\">\n\t\t\t\t\t<h5 class=\"elementor-heading-title elementor-size-default\"><a href=\"https:\/\/forum.prcmarine.org\/en\/\">Home<\/a><\/h5>\t\t\t\t<\/div>\n\t\t\t\t<\/div>\n\t\t\t\t<div class=\"elementor-element elementor-element-4bcb80a elementor-widget elementor-widget-heading\" data-id=\"4bcb80a\" data-element_type=\"widget\" data-e-type=\"widget\" data-widget_type=\"heading.default\">\n\t\t\t\t<div class=\"elementor-widget-container\">\n\t\t\t\t\t<h5 class=\"elementor-heading-title elementor-size-default\"><a href=\"https:\/\/forum.prcmarine.org\/en\/aboutforum\/\">About the Forum<\/a><\/h5>\t\t\t\t<\/div>\n\t\t\t\t<\/div>\n\t\t\t\t<div class=\"elementor-element elementor-element-b46751b elementor-widget elementor-widget-heading\" data-id=\"b46751b\" data-element_type=\"widget\" data-e-type=\"widget\" data-widget_type=\"heading.default\">\n\t\t\t\t<div class=\"elementor-widget-container\">\n\t\t\t\t\t<h5 class=\"elementor-heading-title elementor-size-default\">Blogs<\/h5>\t\t\t\t<\/div>\n\t\t\t\t<\/div>\n\t\t\t\t<div class=\"elementor-element elementor-element-6bf5ff2 elementor-widget elementor-widget-heading\" data-id=\"6bf5ff2\" data-element_type=\"widget\" data-e-type=\"widget\" data-widget_type=\"heading.default\">\n\t\t\t\t<div class=\"elementor-widget-container\">\n\t\t\t\t\t<h5 class=\"elementor-heading-title elementor-size-default\">Media<\/h5>\t\t\t\t<\/div>\n\t\t\t\t<\/div>\n\t\t\t\t<div class=\"elementor-element elementor-element-2ffebfe elementor-widget elementor-widget-heading\" data-id=\"2ffebfe\" data-element_type=\"widget\" data-e-type=\"widget\" data-widget_type=\"heading.default\">\n\t\t\t\t<div class=\"elementor-widget-container\">\n\t\t\t\t\t<h5 class=\"elementor-heading-title elementor-size-default\"><h5 data-elementor-setting-key=\"title\" data-pen-placeholder=\"\u00c9crivez ici...\" style=\"font-style: normal;font-family: Nunito;max-width: none\">Contact us<span style=\"font-family: Nunito\"><\/span><\/h5><\/h5>\t\t\t\t<\/div>\n\t\t\t\t<\/div>\n\t\t\t\t\t<\/div>\n\t\t\t\t<\/div>\n\t\t\t\t<\/div>\n\t\t<div class=\"elementor-element elementor-element-ae23ebd e-con-full e-flex no no e-con e-child\" data-id=\"ae23ebd\" data-element_type=\"container\" data-e-type=\"container\">\n\t\t<div class=\"elementor-element elementor-element-ae81a25 e-con-full e-flex no no e-con e-child\" data-id=\"ae81a25\" data-element_type=\"container\" data-e-type=\"container\">\n\t\t\t\t<div class=\"elementor-element elementor-element-0e41be1 elementor-widget elementor-widget-heading\" data-id=\"0e41be1\" data-element_type=\"widget\" data-e-type=\"widget\" data-widget_type=\"heading.default\">\n\t\t\t\t<div class=\"elementor-widget-container\">\n\t\t\t\t\t<h3 class=\"elementor-heading-title elementor-size-default\">Contact us<\/h3>\t\t\t\t<\/div>\n\t\t\t\t<\/div>\n\t\t\t\t<div class=\"elementor-element elementor-element-e92b729 elementor-align-start elementor-widget__width-initial elementor-icon-list--layout-traditional elementor-list-item-link-full_width elementor-widget elementor-widget-icon-list\" data-id=\"e92b729\" data-element_type=\"widget\" data-e-type=\"widget\" data-widget_type=\"icon-list.default\">\n\t\t\t\t<div class=\"elementor-widget-container\">\n\t\t\t\t\t\t\t<ul class=\"elementor-icon-list-items\">\n\t\t\t\t\t\t\t<li class=\"elementor-icon-list-item\">\n\t\t\t\t\t\t\t\t\t\t\t<span class=\"elementor-icon-list-icon\">\n\t\t\t\t\t\t\t<svg aria-hidden=\"true\" class=\"e-font-icon-svg e-fas-location-arrow\" viewbox=\"0 0 512 512\" xmlns=\"http:\/\/www.w3.org\/2000\/svg\"><path d=\"M444.52 3.52L28.74 195.42c-47.97 22.39-31.98 92.75 19.19 92.75h175.91v175.91c0 51.17 70.36 67.17 92.75 19.19l191.9-415.78c15.99-38.39-25.59-79.97-63.97-63.97z\"><\/path><\/svg>\t\t\t\t\t\t<\/span>\n\t\t\t\t\t\t\t\t\t\t<span class=\"elementor-icon-list-text\">Zone B, Rue 111, Immeuble Capucine, 1er \u00e9tage, Appart C1, Dakar, S\u00e9n\u00e9gal<\/span>\n\t\t\t\t\t\t\t\t\t<\/li>\n\t\t\t\t\t\t\t\t<li class=\"elementor-icon-list-item\">\n\t\t\t\t\t\t\t\t\t\t\t<span class=\"elementor-icon-list-icon\">\n\t\t\t\t\t\t\t<svg aria-hidden=\"true\" class=\"e-font-icon-svg e-fas-mail-bulk\" viewbox=\"0 0 576 512\" xmlns=\"http:\/\/www.w3.org\/2000\/svg\"><path d=\"M160 448c-25.6 0-51.2-22.4-64-32-64-44.8-83.2-60.8-96-70.4V480c0 17.67 14.33 32 32 32h256c17.67 0 32-14.33 32-32V345.6c-12.8 9.6-32 25.6-96 70.4-12.8 9.6-38.4 32-64 32zm128-192H32c-17.67 0-32 14.33-32 32v16c25.6 19.2 22.4 19.2 115.2 86.4 9.6 6.4 28.8 25.6 44.8 25.6s35.2-19.2 44.8-22.4c92.8-67.2 89.6-67.2 115.2-86.4V288c0-17.67-14.33-32-32-32zm256-96H224c-17.67 0-32 14.33-32 32v32h96c33.21 0 60.59 25.42 63.71 57.82l.29-.22V416h192c17.67 0 32-14.33 32-32V192c0-17.67-14.33-32-32-32zm-32 128h-64v-64h64v64zm-352-96c0-35.29 28.71-64 64-64h224V32c0-17.67-14.33-32-32-32H96C78.33 0 64 14.33 64 32v192h96v-32z\"><\/path><\/svg>\t\t\t\t\t\t<\/span>\n\t\t\t\t\t\t\t\t\t\t<span class=\"elementor-icon-list-text\">forum@prcmarine.org<\/span>\n\t\t\t\t\t\t\t\t\t<\/li>\n\t\t\t\t\t\t\t\t<li class=\"elementor-icon-list-item\">\n\t\t\t\t\t\t\t\t\t\t\t<span class=\"elementor-icon-list-icon\">\n\t\t\t\t\t\t\t<svg aria-hidden=\"true\" class=\"e-font-icon-svg e-fas-phone-alt\" viewbox=\"0 0 512 512\" xmlns=\"http:\/\/www.w3.org\/2000\/svg\"><path d=\"M497.39 361.8l-112-48a24 24 0 0 0-28 6.9l-49.6 60.6A370.66 370.66 0 0 1 130.6 204.11l60.6-49.6a23.94 23.94 0 0 0 6.9-28l-48-112A24.16 24.16 0 0 0 122.6.61l-104 24A24 24 0 0 0 0 48c0 256.5 207.9 464 464 464a24 24 0 0 0 23.4-18.6l24-104a24.29 24.29 0 0 0-14.01-27.6z\"><\/path><\/svg>\t\t\t\t\t\t<\/span>\n\t\t\t\t\t\t\t\t\t\t<span class=\"elementor-icon-list-text\">+221 33 867 97 66<\/span>\n\t\t\t\t\t\t\t\t\t<\/li>\n\t\t\t\t\t\t<\/ul>\n\t\t\t\t\t\t<\/div>\n\t\t\t\t<\/div>\n\t\t\t\t<\/div>\n\t\t\t\t<\/div>\n\t\t\t\t\t<\/div>\n\t\t\t\t<\/div>\n\t\t<div class=\"elementor-element elementor-element-bb0e7c8 e-flex e-con-boxed no no e-con e-parent\" data-id=\"bb0e7c8\" data-element_type=\"container\" data-e-type=\"container\" data-settings=\"{&quot;background_background&quot;:&quot;classic&quot;}\">\n\t\t\t\t\t<div class=\"e-con-inner\">\n\t\t\t\t<div class=\"elementor-element elementor-element-2bb68c7 elementor-widget elementor-widget-heading\" data-id=\"2bb68c7\" data-element_type=\"widget\" data-e-type=\"widget\" data-widget_type=\"heading.default\">\n\t\t\t\t<div class=\"elementor-widget-container\">\n\t\t\t\t\t<h2 class=\"elementor-heading-title elementor-size-default\"><a href=\"https:\/\/twitter.com\/prcmarine\">#FORUMPRCM<\/a><\/h2>\t\t\t\t<\/div>\n\t\t\t\t<\/div>\n\t\t\t\t<div class=\"elementor-element elementor-element-8c781c3 elementor-widget elementor-widget-heading\" data-id=\"8c781c3\" data-element_type=\"widget\" data-e-type=\"widget\" data-widget_type=\"heading.default\">\n\t\t\t\t<div class=\"elementor-widget-container\">\n\t\t\t\t\t<h2 class=\"elementor-heading-title elementor-size-default\"><a href=\"https:\/\/www.linkedin.com\/company\/partenariat-r%C3%A9gional-pour-la-conservation-de-la-zone-c%C3%B4ti%C3%A8re-et-marine-en-afrique-de-l-ouest-prcm\/\">#FOMACO2026<\/a><\/h2>\t\t\t\t<\/div>\n\t\t\t\t<\/div>\n\t\t\t\t<div class=\"elementor-element elementor-element-85b4764 elementor-widget elementor-widget-ms-social-icons\" data-id=\"85b4764\" data-element_type=\"widget\" data-e-type=\"widget\" data-widget_type=\"ms-social-icons.default\">\n\t\t\t\t<div class=\"elementor-widget-container\">\n\t\t\t\t\t        <div class=\"ms-s-w\">\r\n                    <a class=\"ms-s-i s-icon\" href=\"https:\/\/www.facebook.com\/prcmarine\"><i class=\"fa-brands fa-facebook\"><\/i><\/a>\r\n                    <a class=\"ms-s-i s-icon\" href=\"https:\/\/www.instagram.com\/prcmarine\/\"><i class=\"fa-brands fa-instagram\"><\/i><\/a>\r\n                    <a class=\"ms-s-i s-icon\" href=\"https:\/\/www.linkedin.com\/company\/partenariat-r%C3%A9gional-pour-la-conservation-de-la-zone-c%C3%B4ti%C3%A8re-et-marine-en-afrique-de-l-ouest-prcm\/\"><i class=\"fa-brands fa-linkedin\"><\/i><\/a>\r\n                    <a class=\"ms-s-i s-icon\" href=\"https:\/\/twitter.com\/prcmarine\"><i class=\"fa-brands fa-twitter\"><\/i><\/a>\r\n                    <a class=\"ms-s-i s-icon\" href=\"https:\/\/www.youtube.com\/user\/Prcmarine\"><i class=\"fa-brands fa-youtube\"><\/i><\/a>\r\n                <\/div>\r\n    \t\t\t\t<\/div>\n\t\t\t\t<\/div>\n\t\t\t\t\t<\/div>\n\t\t\t\t<\/div>\n\t\t<div class=\"elementor-element elementor-element-ea8e5c5 e-flex e-con-boxed no no e-con e-parent\" data-id=\"ea8e5c5\" data-element_type=\"container\" data-e-type=\"container\" data-settings=\"{&quot;background_background&quot;:&quot;classic&quot;}\">\n\t\t\t\t\t<div class=\"e-con-inner\">\n\t\t\t\t<div class=\"elementor-element elementor-element-e93db9f elementor-widget elementor-widget-heading\" data-id=\"e93db9f\" data-element_type=\"widget\" data-e-type=\"widget\" data-widget_type=\"heading.default\">\n\t\t\t\t<div class=\"elementor-widget-container\">\n\t\t\t\t\t<p class=\"elementor-heading-title elementor-size-default\"><span style=\"font-family: Inter;font-size: 18px;font-style: normal;font-weight: 400\">\u00a9 <\/span>Forum PRCM<\/p>\t\t\t\t<\/div>\n\t\t\t\t<\/div>\n\t\t\t\t\t<\/div>\n\t\t\t\t<\/div>\n\t\t\t\t<\/div>","protected":false},"excerpt":{"rendered":"<p>Le lieu du Forum Le Forum r\u00e9gional marin et c\u00f4tier se tiendra au Palais des Congr\u00e8s Mokhtar Ould Daddah de Nouakchott, en Mauritanie. Lieu [&hellip;]<\/p>\n","protected":false},"author":1,"featured_media":0,"parent":0,"menu_order":0,"comment_status":"closed","ping_status":"closed","template":"page-custom.php","meta":{"_acf_changed":false,"footnotes":""},"class_list":["post-24175","page","type-page","status-publish","hentry"],"acf":{"choi\u0441e_menu_page":"custom_menu_page","full_width":true,"header_transparent":true,"header_white":false,"menu_align_page":"center","menu_style":"fixed"},"aioseo_notices":[],"_links":{"self":[{"href":"https:\/\/forum.prcmarine.org\/en\/wp-json\/wp\/v2\/pages\/24175","targetHints":{"allow":["GET"]}}],"collection":[{"href":"https:\/\/forum.prcmarine.org\/en\/wp-json\/wp\/v2\/pages"}],"about":[{"href":"https:\/\/forum.prcmarine.org\/en\/wp-json\/wp\/v2\/types\/page"}],"author":[{"embeddable":true,"href":"https:\/\/forum.prcmarine.org\/en\/wp-json\/wp\/v2\/users\/1"}],"replies":[{"embeddable":true,"href":"https:\/\/forum.prcmarine.org\/en\/wp-json\/wp\/v2\/comments?post=24175"}],"version-history":[{"count":33,"href":"https:\/\/forum.prcmarine.org\/en\/wp-json\/wp\/v2\/pages\/24175\/revisions"}],"predecessor-version":[{"id":24245,"href":"https:\/\/forum.prcmarine.org\/en\/wp-json\/wp\/v2\/pages\/24175\/revisions\/24245"}],"wp:attachment":[{"href":"https:\/\/forum.prcmarine.org\/en\/wp-json\/wp\/v2\/media?parent=24175"}],"curies":[{"name":"wp","href":"https:\/\/api.w.org\/{rel}","templated":true}]}}